{"id":2,"date":"2020-03-02T20:12:15","date_gmt":"2020-03-02T19:12:15","guid":{"rendered":"http:\/\/healthybelly.pl\/?page_id=2"},"modified":"2022-01-23T18:55:55","modified_gmt":"2022-01-23T17:55:55","slug":"o-mnie","status":"publish","type":"page","link":"https:\/\/healthybelly.pl\/index.php\/o-mnie\/","title":{"rendered":"O mnie"},"content":{"rendered":"<div  class=\"one\" style=\"padding:30px 0 30px 0;\" >\n<div class=\"standard_wrapper\">\n<div class=\"page_content_wrapper\">\n<div class=\"inner\">\n<div class=\"one_half\">\n<div class=\"image_classic_frame expand\">\n<div class=\"image_wrapper\"><img decoding=\"async\" src=\"http:\/\/healthybelly.pl\/wp-content\/uploads\/2022\/01\/DSC_3438.jpg\" alt=\"\" class=\"preview\"\/><\/div>\n<\/div>\n<\/div>\n<div class=\"one_half last content_middle\"><img decoding=\"async\" loading=\"lazy\" class=\"alignnone wp-image-121\" src=\"http:\/\/healthybelly.pl\/wp-content\/uploads\/2021\/04\/czesc-300x199.png\" alt=\"\" width=\"166\" height=\"110\" \/><\/p>\n<p>Mam na imi\u0119 Monika,<\/p>\n<p>Jestem z wykszta\u0142cenia dietetykiem, absolwentk\u0105 Uniwersytetu Przyrodniczego we Wroc\u0142awiu na kierunku \u017cywienie cz\u0142owieka i dietetyka, gdzie uzyska\u0142am tytu\u0142 magistra in\u017cyniera.<br \/>\nDietetyka, zdrowe od\u017cywianie oraz gotowanie to moje najwi\u0119ksze pasje! Nie ma nic wspanialszego ni\u017c praca i pasja w jednym!<br \/>\nUwa\u017cam, \u017ce prawid\u0142owa dieta to podstawa zdrowia i dobrego samopoczucia!<\/p>\n<p>Chcia\u0142abym i Ciebie zach\u0119ci\u0107 do zdrowego od\u017cywiania oraz pom\u00f3c Ci w zmianie nawyk\u00f3w \u017cywieniowych na lepsze! Zdrowe jedzenie nie musi by\u0107 nudne, a dieta nie musi wi\u0105za\u0107 si\u0119 z restrykcyjnym postem i g\u0142od\u00f3wk\u0105, co bardzo ch\u0119tnie Ci udowodni\u0119!<br \/>\nW swojej pracy stawiam przede wszystkim na:<br \/>\n&#8211; indywidualne podej\u015bcie,<br \/>\n&#8211; jad\u0142ospis dostosowany do Twoich preferencji \u017cywieniowych z uwzgl\u0119dnieniem jednostek chorobowych,<br \/>\n&#8211; proste, smaczne i szybkie w przygotowaniu posi\u0142ki z \u0142atwo dost\u0119pnych produkt\u00f3w,<br \/>\n&#8211; wsparcie i motywacj\u0119!<\/p>\n<p>Pami\u0119taj zdrowa dieta = zdrowe cia\u0142o i umys\u0142!<\/p>\n<p>Zajmuj\u0119 si\u0119 dietoterapi\u0105 w:<br \/>\n&#8211; nadwadze i oty\u0142o\u015bci,<br \/>\n&#8211; insulinooporno\u015bci i cukrzycy (typ 1 i 2),<br \/>\n&#8211; chorobach tarczycy,<br \/>\n&#8211; alergiach i nietolerancjach pokarmowych,<br \/>\n&#8211; problemach jelitowych,<br \/>\n&#8211; chorobach o pod\u0142o\u017cu automimmunologicznym.<\/p>\n<p>Zawalcz ju\u017c dzi\u015b o zdrowszego siebie!<\/p>\n<p><a href=\"http:\/\/healthybelly.pl\/index.php\/kontakt\/\">UM\u00d3W SI\u0118 NA WIZYT\u0118!<\/a><\/div>\n<p><br class=\"clear\"\/><\/div>\n<\/div>\n<\/div>\n<\/div>\n<div class=\"standard_wrapper\">\n<div  class=\"one\" style=\"padding:0px 0 0px 0;\" >\n<div class=\"page_content_wrapper\">\n<div class=\"inner\">\n<div class=\"one_third\">\n<div class=\"image_classic_frame expand\">\n<div class=\"image_wrapper\"><a href=\"http:\/\/healthybelly.pl\/wp-content\/uploads\/2021\/03\/Bez-tytulu.png\" data-title=\"\" data-desc=\"\" data-thumb=\"http:\/\/healthybelly.pl\/wp-content\/uploads\/2021\/03\/Bez-tytulu-213x300.png\"  class=\"img_frame\"><img decoding=\"async\" src=\"http:\/\/healthybelly.pl\/wp-content\/uploads\/2021\/03\/Bez-tytulu.png\" alt=\"\" class=\"preview\"\/><\/a><\/div>\n<\/div>\n<\/div>\n<div class=\"one_third\">\n<div class=\"image_classic_frame expand\">\n<div class=\"image_wrapper\"><a href=\"http:\/\/healthybelly.pl\/wp-content\/uploads\/2021\/04\/certyfikat-5.jpg\" data-title=\"\" data-desc=\"\" data-thumb=\"http:\/\/healthybelly.pl\/wp-content\/uploads\/2021\/04\/certyfikat-5-213x300.jpg\"  class=\"img_frame\"><img decoding=\"async\" src=\"http:\/\/healthybelly.pl\/wp-content\/uploads\/2021\/04\/certyfikat-5.jpg\" alt=\"\" class=\"preview\"\/><\/a><\/div>\n<\/div>\n<\/div>\n<div class=\"one_third last\">\n<div class=\"image_classic_frame expand\">\n<div class=\"image_wrapper\"><a href=\"http:\/\/healthybelly.pl\/wp-content\/uploads\/2021\/04\/certyfikat-6.jpg\" data-title=\"\" data-desc=\"\" data-thumb=\"http:\/\/healthybelly.pl\/wp-content\/uploads\/2021\/04\/certyfikat-6-213x300.jpg\"  class=\"img_frame\"><img decoding=\"async\" src=\"http:\/\/healthybelly.pl\/wp-content\/uploads\/2021\/04\/certyfikat-6.jpg\" alt=\"\" class=\"preview\"\/><\/a><\/div>\n<\/div>\n<\/div>\n<\/div>\n<\/div>\n<\/div>\n<\/div>\n<div class=\"standard_wrapper\">\n<div  class=\"one\" style=\"padding:0px 0 0px 0;\" >\n<div class=\"page_content_wrapper\">\n<div class=\"inner\">\n<div class=\"one_third\">\n<div class=\"image_classic_frame expand\">\n<div class=\"image_wrapper\"><a href=\"http:\/\/healthybelly.pl\/wp-content\/uploads\/2021\/04\/certyfikat-3.jpg\" data-title=\"\" data-desc=\"\" data-thumb=\"http:\/\/healthybelly.pl\/wp-content\/uploads\/2021\/04\/certyfikat-3-213x300.jpg\"  class=\"img_frame\"><img decoding=\"async\" src=\"http:\/\/healthybelly.pl\/wp-content\/uploads\/2021\/04\/certyfikat-3.jpg\" alt=\"\" class=\"preview\"\/><\/a><\/div>\n<\/div>\n<\/div>\n<div class=\"one_third\">\n<div class=\"image_classic_frame expand\">\n<div class=\"image_wrapper\"><a href=\"http:\/\/healthybelly.pl\/wp-content\/uploads\/2021\/04\/certyfikat-4.jpg\" data-title=\"\" data-desc=\"\" data-thumb=\"http:\/\/healthybelly.pl\/wp-content\/uploads\/2021\/04\/certyfikat-4-213x300.jpg\"  class=\"img_frame\"><img decoding=\"async\" src=\"http:\/\/healthybelly.pl\/wp-content\/uploads\/2021\/04\/certyfikat-4.jpg\" alt=\"\" class=\"preview\"\/><\/a><\/div>\n<\/div>\n<\/div>\n<div class=\"one_third last\">\n<div class=\"image_classic_frame expand\">\n<div class=\"image_wrapper\"><a href=\"http:\/\/healthybelly.pl\/wp-content\/uploads\/2021\/04\/certyfikat-2.jpg\" data-title=\"\" data-desc=\"\" data-thumb=\"http:\/\/healthybelly.pl\/wp-content\/uploads\/2021\/04\/certyfikat-2-300x213.jpg\"  class=\"img_frame\"><img decoding=\"async\" src=\"http:\/\/healthybelly.pl\/wp-content\/uploads\/2021\/04\/certyfikat-2.jpg\" alt=\"\" class=\"preview\"\/><\/a><\/div>\n<\/div>\n<\/div>\n<\/div>\n<\/div>\n<\/div>\n<\/div>\n<div class=\"standard_wrapper\">\n<div  class=\"one\" style=\"padding:0px 0 0px 0;\" >\n<div class=\"page_content_wrapper\">\n<div class=\"inner\">\n<div class=\"one_third\">\n<div class=\"image_classic_frame expand\">\n<div class=\"image_wrapper\"><a href=\"http:\/\/healthybelly.pl\/wp-content\/uploads\/2021\/04\/certyfikat-1-1.jpg\" data-title=\"\" data-desc=\"\" data-thumb=\"http:\/\/healthybelly.pl\/wp-content\/uploads\/2021\/04\/certyfikat-1-1-300x213.jpg\"  class=\"img_frame\"><img decoding=\"async\" src=\"http:\/\/healthybelly.pl\/wp-content\/uploads\/2021\/04\/certyfikat-1-1.jpg\" alt=\"\" class=\"preview\"\/><\/a><\/div>\n<\/div>\n<\/div>\n<div class=\"one_third\"><\/div>\n<div class=\"one_third last\"><\/div>\n<\/div>\n<\/div>\n<\/div>\n<\/div>\n","protected":false},"excerpt":{"rendered":"","protected":false},"author":1,"featured_media":0,"parent":0,"menu_order":0,"comment_status":"closed","ping_status":"open","template":"","meta":[],"_links":{"self":[{"href":"https:\/\/healthybelly.pl\/index.php\/wp-json\/wp\/v2\/pages\/2"}],"collection":[{"href":"https:\/\/healthybelly.pl\/index.php\/wp-json\/wp\/v2\/pages"}],"about":[{"href":"https:\/\/healthybelly.pl\/index.php\/wp-json\/wp\/v2\/types\/page"}],"author":[{"embeddable":true,"href":"https:\/\/healthybelly.pl\/index.php\/wp-json\/wp\/v2\/users\/1"}],"replies":[{"embeddable":true,"href":"https:\/\/healthybelly.pl\/index.php\/wp-json\/wp\/v2\/comments?post=2"}],"version-history":[{"count":52,"href":"https:\/\/healthybelly.pl\/index.php\/wp-json\/wp\/v2\/pages\/2\/revisions"}],"predecessor-version":[{"id":235,"href":"https:\/\/healthybelly.pl\/index.php\/wp-json\/wp\/v2\/pages\/2\/revisions\/235"}],"wp:attachment":[{"href":"https:\/\/healthybelly.pl\/index.php\/wp-json\/wp\/v2\/media?parent=2"}],"curies":[{"name":"wp","href":"https:\/\/api.w.org\/{rel}","templated":true}]}}