{"id":28,"date":"2021-03-24T21:43:33","date_gmt":"2021-03-24T20:43:33","guid":{"rendered":"http:\/\/healthybelly.pl\/?page_id=28"},"modified":"2022-12-07T22:11:59","modified_gmt":"2022-12-07T21:11:59","slug":"oferta","status":"publish","type":"page","link":"https:\/\/healthybelly.pl\/index.php\/oferta\/","title":{"rendered":"Oferta"},"content":{"rendered":"<div  class=\"one withsmallpadding ppb_header \" style=\"text-align:left;padding:30px 0 30px 0;\" >\n<div class=\"standard_wrapper\">\n<div class=\"page_content_wrapper\">\n<div class=\"inner\">\n<div style=\"margin:auto;width:100%\">\n<h2 class=\"ppb_title\" style=\"\">PAKIETY<\/h2>\n<hr class=\"title_break left\" style=\"\"\/>\n<div class=\"ppb_header_content\"><\/div>\n<\/div>\n<\/div>\n<\/div>\n<\/div>\n<\/div>\n<div  class=\"one withsmallpadding ppb_header \" style=\"text-align:left;padding:30px 0 30px 0;\" >\n<div class=\"standard_wrapper\">\n<div class=\"page_content_wrapper\">\n<div class=\"inner\">\n<div style=\"margin:auto;width:100%\">\n<hr class=\"title_break left\" style=\"\"\/>\n<div class=\"ppb_header_content\">\n<p><img decoding=\"async\" loading=\"lazy\" class=\"size-medium wp-image-344 aligncenter\" src=\"http:\/\/healthybelly.pl\/wp-content\/uploads\/2022\/12\/standard-kopia-300x116.png\" alt=\"\" width=\"300\" height=\"116\" \/><\/p>\n<p style=\"text-align: center;\"><strong>250 PLN<\/strong><\/p>\n<p style=\"text-align: center;\">MIESI\u0104C Z HEALTHY BELLY<br \/>\nZ 7-DNIOWYM JAD\u0141OSPISEM<br \/>\nW cenie:<br \/>\n\u2013 Pierwsza wizyta obejmuj\u0105ca szczeg\u00f3\u0142owe om\u00f3wienie dzienniczka \u017cywieniowego, wy\u0142apanie i om\u00f3wienie b\u0142\u0119d\u00f3w \u017cywieniowych, om\u00f3wienie bada\u0144 krwi, przeprowadzenie wywiadu \u017cywieniowo-medycznego, wyznaczenie celu,<br \/>\n\u2013 Spersonalizowane 7 dni planu \u017cywieniowego,<br \/>\n\u2013 Zalecenia dietetyczne obejmuj\u0105ce podstawowe zasady zdrowego od\u017cywiania dostosowane do ewentualnych chor\u00f3b dietozale\u017cnych,<br \/>\n\u2013 sta\u0142y kontakt i opieka dietetyka,<br \/>\n\u2013 wsparcie i motywacja,<br \/>\n\u2013 uzyskanie odpowiedzi na pytania z zakresu dietetyki i zdrowego od\u017cywiania.<\/p>\n<\/div>\n<\/div>\n<\/div>\n<\/div>\n<\/div>\n<\/div>\n<div  class=\"one withsmallpadding ppb_header \" style=\"text-align:left;padding:30px 0 30px 0;\" >\n<div class=\"standard_wrapper\">\n<div class=\"page_content_wrapper\">\n<div class=\"inner\">\n<div style=\"margin:auto;width:100%\">\n<hr class=\"title_break left\" style=\"\"\/>\n<div class=\"ppb_header_content\">\n<p><img decoding=\"async\" loading=\"lazy\" class=\"alignnone size-medium wp-image-345 aligncenter\" src=\"http:\/\/healthybelly.pl\/wp-content\/uploads\/2022\/12\/premium-kopia-300x129.png\" alt=\"\" width=\"300\" height=\"129\" \/><\/p>\n<p style=\"text-align: center;\"><strong>350PLN<\/strong><\/p>\n<p style=\"text-align: center;\">MIESI\u0104C Z HEALTHY BELLY<br \/>\nZ 14-DNIOWYM JAD\u0141OSPISEM<br \/>\nW cenie:<br \/>\n\u2013 Pierwsza wizyta obejmuj\u0105ca szczeg\u00f3\u0142owe om\u00f3wienie dzienniczka \u017cywieniowego, wy\u0142apanie i om\u00f3wienie b\u0142\u0119d\u00f3w \u017cywieniowych, om\u00f3wienie bada\u0144 krwi, przeprowadzenie wywiadu \u017cywieniowo-medycznego, wyznaczenie celu,<br \/>\n\u2013 Spersonalizowane 14 dni planu \u017cywieniowego,<br \/>\n\u2013 Zalecenia dietetyczne obejmuj\u0105ce podstawowe zasady zdrowego od\u017cywiania dostosowane do ewentualnych chor\u00f3b dietozale\u017cnych,<br \/>\n\u2013 sta\u0142y kontakt i opieka dietetyka,<br \/>\n\u2013 wsparcie i motywacja,<br \/>\n\u2013 uzyskanie odpowiedzi na pytania z zakresu dietetyki i zdrowego od\u017cywiania.<\/p>\n<\/div>\n<\/div>\n<\/div>\n<\/div>\n<\/div>\n<\/div>\n<div  class=\"one withsmallpadding ppb_header \" style=\"text-align:left;padding:30px 0 30px 0;\" >\n<div class=\"standard_wrapper\">\n<div class=\"page_content_wrapper\">\n<div class=\"inner\">\n<div style=\"margin:auto;width:100%\">\n<hr class=\"title_break left\" style=\"\"\/>\n<div class=\"ppb_header_content\">\n<p><img decoding=\"async\" loading=\"lazy\" class=\" wp-image-356 aligncenter\" src=\"http:\/\/healthybelly.pl\/wp-content\/uploads\/2022\/12\/1-kopia-300x124.png\" alt=\"\" width=\"273\" height=\"113\" \/><img decoding=\"async\" loading=\"lazy\" class=\" wp-image-357 aligncenter\" src=\"http:\/\/healthybelly.pl\/wp-content\/uploads\/2022\/12\/2-kopia-300x112.png\" alt=\"\" width=\"287\" height=\"107\" \/><\/p>\n<p style=\"text-align: center;\"><strong>50 PLN<\/strong><\/p>\n<p style=\"text-align: center;\">PIERWSZA JEDNORAZOWA KONSULTACJA DIETETYCZNA<br \/>\nW cenie:<br \/>\n\u2013 szczeg\u00f3\u0142owe om\u00f3wienie dzienniczka \u017cywieniowego,<br \/>\n\u2013 wy\u0142apanie i om\u00f3wienie b\u0142\u0119d\u00f3w \u017cywieniowych,<br \/>\n\u2013 zaproponowanie zmian w dotychczasowym jad\u0142ospisie,<br \/>\n\u2013 zalecenia dietetyczne obejmuj\u0105ce podstawowe zasady zdrowego od\u017cywiania dostosowane do ewentualnych chor\u00f3b dietozale\u017cnych.<\/p>\n<\/div>\n<\/div>\n<\/div>\n<\/div>\n<\/div>\n<\/div>\n","protected":false},"excerpt":{"rendered":"","protected":false},"author":1,"featured_media":0,"parent":0,"menu_order":0,"comment_status":"closed","ping_status":"closed","template":"","meta":[],"_links":{"self":[{"href":"https:\/\/healthybelly.pl\/index.php\/wp-json\/wp\/v2\/pages\/28"}],"collection":[{"href":"https:\/\/healthybelly.pl\/index.php\/wp-json\/wp\/v2\/pages"}],"about":[{"href":"https:\/\/healthybelly.pl\/index.php\/wp-json\/wp\/v2\/types\/page"}],"author":[{"embeddable":true,"href":"https:\/\/healthybelly.pl\/index.php\/wp-json\/wp\/v2\/users\/1"}],"replies":[{"embeddable":true,"href":"https:\/\/healthybelly.pl\/index.php\/wp-json\/wp\/v2\/comments?post=28"}],"version-history":[{"count":46,"href":"https:\/\/healthybelly.pl\/index.php\/wp-json\/wp\/v2\/pages\/28\/revisions"}],"predecessor-version":[{"id":377,"href":"https:\/\/healthybelly.pl\/index.php\/wp-json\/wp\/v2\/pages\/28\/revisions\/377"}],"wp:attachment":[{"href":"https:\/\/healthybelly.pl\/index.php\/wp-json\/wp\/v2\/media?parent=28"}],"curies":[{"name":"wp","href":"https:\/\/api.w.org\/{rel}","templated":true}]}}