{"id":244,"date":"2022-11-07T22:06:56","date_gmt":"2022-11-07T21:06:56","guid":{"rendered":"https:\/\/healthybelly.pl\/index.php\/produkt\/album\/"},"modified":"2024-11-11T03:05:45","modified_gmt":"2024-11-11T02:05:45","slug":"ebook","status":"publish","type":"product","link":"https:\/\/healthybelly.pl\/index.php\/produkt\/ebook\/","title":{"rendered":"PAKIET &#8222;Healthy Belly na \u015awi\u0119ta&#8221; cz\u0119\u015b\u0107 I + CZ\u0118\u015a\u0106 II"},"content":{"rendered":"<p class=\"gwpa807fcc2_MsoNormal\">Pakiet \u201eHealthy Belly na \u015awi\u0119ta\u201d to podw\u00f3jna dawka tego co kocham!\u00a0 \u015awi\u0105teczny klimat, pyszne jedzenie i pi\u0119kne zdj\u0119cia potraw!<\/p>\n<p class=\"gwpa807fcc2_MsoNormal\">Jest on dla mnie wyj\u0105tkowy przede wszystkim ze wzgl\u0119du na tematyk\u0119, czyli najcudowniejszy okres w roku \u2013 \u015bwi\u0119ta.<\/p>\n<p class=\"gwpa807fcc2_MsoNormal\">Uwielbiam ten czas, magiczn\u0105 atmosfer\u0119, zapach piernika mojej babci, mak\u00f3wki mamy i najpyszniejszego barszczu wigilijnego taty. Uwielbiam wsp\u00f3lne gotowanie, celebrowanie posi\u0142ku i wielogodzinne rozmowy przy stole z bliskimi. I mog\u0142abym si\u0119 tak rozpisywa\u0107 i rozpisywa\u0107 za co jeszcze kocham ten \u015bwi\u0105teczny czas, ale tym razem skupmy si\u0119 na jedzeniu!<\/p>\n<p class=\"gwpa807fcc2_MsoNormal\">W tych ebookach postanowi\u0142am podzieli\u0107 si\u0119 z Wami przepisami na tradycyjne \u015bwi\u0105teczne potrawy w dietetycznych ods\u0142onach! Wierze, \u017ce Was pozytywnie zaskocz\u0119 i zainspiruje do eksperymentowania w kuchni! My\u015bl\u0119, \u017ce ka\u017cdy znajdzie co\u015b dla siebie!<\/p>\n<p class=\"gwpa807fcc2_MsoNormal\">Mam nadziej\u0119, \u017ce \u201eHealthy Belly na \u015awi\u0119ta\u201d\u00a0 zago\u015bci na Waszych sto\u0142ach!<\/p>\n","protected":false},"excerpt":{"rendered":"<p class=\"gwp4ad31e5f_MsoNormal\">Pakiet dw\u00f3ch cz\u0119\u015bci ebooka \u201eHealthy Belly na \u015awi\u0119ta\u201d!<\/p>\n<p class=\"gwp4ad31e5f_MsoNormal\">To \u0142\u0105cznie prawie 90 stron pe\u0142nych inspiruj\u0105cych \u015bwi\u0105tecznych przepis\u00f3w.<\/p>\n<p class=\"gwp4ad31e5f_MsoNormal\">Znajdziesz w nich:<\/p>\n<p class=\"gwp4ad31e5f_MsoNormal\">&#8211; 36 tradycyjnych \u015bwi\u0105tecznych przepis\u00f3w w dietetycznej wersji!<\/p>\n<p class=\"gwp4ad31e5f_MsoNormal\">&#8211; przeliczenia warto\u015bci od\u017cywczych dla ka\u017cdej porcji!<\/p>\n<p class=\"gwp4ad31e5f_MsoNormal\">&#8211; zdrowe, szybkie i proste w wykonaniu propozycje z \u0142atwo dost\u0119pnych produkt\u00f3w!<\/p>\n<p class=\"gwp4ad31e5f_MsoNormal\">&#8211; przepi\u0119kne zdj\u0119cia ka\u017cdej potrawy!<\/p>\n<p class=\"gwp4ad31e5f_MsoNormal\">Idealne po\u0142\u0105czenie tego co pyszne, z tym co zdrowe!<\/p>\n<p class=\"gwp4ad31e5f_MsoNormal\">Dodatkowo przygotowa\u0142am dla Ciebie pi\u0119kne karty u\u0142atwiaj\u0105ce zrobienie listy zakup\u00f3w przed\u015bwi\u0105tecznych!<\/p>\n","protected":false},"featured_media":402,"comment_status":"open","ping_status":"closed","template":"","meta":[],"product_cat":[18,20,19],"product_tag":[],"_links":{"self":[{"href":"https:\/\/healthybelly.pl\/index.php\/wp-json\/wp\/v2\/product\/244"}],"collection":[{"href":"https:\/\/healthybelly.pl\/index.php\/wp-json\/wp\/v2\/product"}],"about":[{"href":"https:\/\/healthybelly.pl\/index.php\/wp-json\/wp\/v2\/types\/product"}],"replies":[{"embeddable":true,"href":"https:\/\/healthybelly.pl\/index.php\/wp-json\/wp\/v2\/comments?post=244"}],"wp:featuredmedia":[{"embeddable":true,"href":"https:\/\/healthybelly.pl\/index.php\/wp-json\/wp\/v2\/media\/402"}],"wp:attachment":[{"href":"https:\/\/healthybelly.pl\/index.php\/wp-json\/wp\/v2\/media?parent=244"}],"wp:term":[{"taxonomy":"product_cat","embeddable":true,"href":"https:\/\/healthybelly.pl\/index.php\/wp-json\/wp\/v2\/product_cat?post=244"},{"taxonomy":"product_tag","embeddable":true,"href":"https:\/\/healthybelly.pl\/index.php\/wp-json\/wp\/v2\/product_tag?post=244"}],"curies":[{"name":"wp","href":"https:\/\/api.w.org\/{rel}","templated":true}]}}